{"id":2365,"date":"2015-07-10T01:52:36","date_gmt":"2015-07-09T23:52:36","guid":{"rendered":"http:\/\/ifis.se\/ver\/?page_id=2365"},"modified":"2025-01-30T12:05:08","modified_gmt":"2025-01-30T11:05:08","slug":"donera","status":"publish","type":"page","link":"https:\/\/ifis.se\/ver\/donera\/","title":{"rendered":"Donera!"},"content":{"rendered":"<div class=\"l-subsection\"><div class=\"l-subsection-h g-html i-cf\">\n<div class=\"g-hr\">\r\n\t\t\t\t\t\t<span class=\"g-hr-h\">\r\n\t\t\t\t\t\t\t<i class=\"fa fa-star\"><\/i>\r\n\t\t\t\t\t\t<\/span>\r\n\t\t\t\t\t<\/div>\n<h2>SMS<\/h2>\n<p>Sms:a <span class=\"highlight\"><strong>BIDRA 100 DONATION<\/strong><\/span> till <span class=\"highlight\"><strong>72672<\/strong><\/span> f\u00f6r att ge 100kr.&nbsp;Byt ut <span class=\"highlight\"><strong>100<\/strong><\/span> mot <span class=\"highlight\"><strong>200<\/strong><\/span>, <span class=\"highlight\"><strong>300<\/strong><\/span>, <span class=\"highlight\"><strong>400<\/strong><\/span> eller <span class=\"highlight\"><strong>500<\/strong><\/span> om du vill \u00e4ndra g\u00e5vobelopp.<\/p>\n<\/div><\/div>","protected":false},"excerpt":{"rendered":"<p>SMS Sms:a till f\u00f6r att ge 100kr.&nbsp;Byt ut mot , , eller om du vill \u00e4ndra g\u00e5vobelopp.<\/p>\n","protected":false},"author":3,"featured_media":0,"parent":0,"menu_order":0,"comment_status":"closed","ping_status":"open","template":"page-sidebar_right.php","meta":{"footnotes":""},"class_list":["post-2365","page","type-page","status-publish","hentry"],"_links":{"self":[{"href":"https:\/\/ifis.se\/ver\/wp-json\/wp\/v2\/pages\/2365","targetHints":{"allow":["GET"]}}],"collection":[{"href":"https:\/\/ifis.se\/ver\/wp-json\/wp\/v2\/pages"}],"about":[{"href":"https:\/\/ifis.se\/ver\/wp-json\/wp\/v2\/types\/page"}],"author":[{"embeddable":true,"href":"https:\/\/ifis.se\/ver\/wp-json\/wp\/v2\/users\/3"}],"replies":[{"embeddable":true,"href":"https:\/\/ifis.se\/ver\/wp-json\/wp\/v2\/comments?post=2365"}],"version-history":[{"count":7,"href":"https:\/\/ifis.se\/ver\/wp-json\/wp\/v2\/pages\/2365\/revisions"}],"predecessor-version":[{"id":3682,"href":"https:\/\/ifis.se\/ver\/wp-json\/wp\/v2\/pages\/2365\/revisions\/3682"}],"wp:attachment":[{"href":"https:\/\/ifis.se\/ver\/wp-json\/wp\/v2\/media?parent=2365"}],"curies":[{"name":"wp","href":"https:\/\/api.w.org\/{rel}","templated":true}]}}