{"id":2029,"date":"2015-06-24T18:04:41","date_gmt":"2015-06-24T16:04:41","guid":{"rendered":"http:\/\/ifis.se\/ver\/?page_id=2029"},"modified":"2020-01-03T11:33:13","modified_gmt":"2020-01-03T10:33:13","slug":"nyheter-2","status":"publish","type":"page","link":"https:\/\/ifis.se\/ver\/nyheter-2\/","title":{"rendered":"Nyheter"},"content":{"rendered":"<div class=\"l-subsection\"><div class=\"l-subsection-h g-html i-cf\"><div class=\"w-blog imgpos_atleft\">\r\n\t\t\t\t\t\t<div class=\"w-blog-list\"><div class=\"w-blog-entry\">\r\n\t\t\t\t\t\t\t\t<div class=\"w-blog-entry-h\">\r\n\t\t\t\t\t\t\t\t\t<a class=\"w-blog-entry-link\" href=\"https:\/\/ifis.se\/ver\/islamiska-forbundet-stoppa-massakern-pa-civila-nu\/\">\r\n\t\t\t\t\t\t\t\t\t\t<span class=\"w-blog-entry-preview\">\r\n\t\t\t\t\t\t\t\t\t\t\t<img decoding=\"async\" src=\"https:\/\/ifis.se\/ver\/wp-content\/uploads\/2023\/10\/2023-10-10t101915z-1371956026-rc2mp3ahrh7a-rtrmadp-3-israel-palestinians-1-1697363183-jpg-1697363183.wm-600x463.jpg\" alt=\"Islamiska F\u00f6rbundet i Sverige: Stoppa Massakern p\u00e5 Civila Nu!\">\r\n\t\t\t\t\t\t\t\t\t\t<\/span>\r\n\t\t\t\t\t\t\t\t\t\t<h2 class=\"w-blog-entry-title\"><span>Islamiska F\u00f6rbundet i Sverige: Stoppa Massakern p\u00e5 Civila Nu!<\/span><\/h2>\r\n\t\t\t\t\t\t\t\t\t<\/a>\r\n\t\t\t\t\t\t\t\t\t<div class=\"w-blog-entry-body\">\r\n\t\t\t\t\t\t\t\t\t\t<div class=\"w-blog-meta\">\r\n\t\t\t\t\t\t\t\t\t\t\t<div class=\"w-blog-meta-date\">\r\n\t\t\t\t\t\t\t\t\t\t\t\t<span class=\"w-blog-meta-date-month\">okt<\/span>\r\n\t\t\t\t\t\t\t\t\t\t\t\t<span class=\"w-blog-meta-date-day\">17<\/span>\r\n\t\t\t\t\t\t\t\t\t\t\t\t<span class=\"w-blog-meta-date-year\">2023<\/span>\r\n\t\t\t\t\t\t\t\t\t\t\t<\/div>\r\n\t\t\t\t\t\t\t\t\t\t<\/div>\r\n\t\t\t\t\t\t\t\t\t\t<div class=\"w-blog-entry-short\">\r\n\t\t\t\t\t\t\t\t\t\t\t<p>De senaste dagarna har vi bevittnat en hj\u00e4rtl\u00f6s v\u00e5lds\u00f6kning och en total brist p\u00e5 respekt f\u00f6r civila liv. Den israeliska ockupationsmaktens decenniel\u00e5nga&hellip;<!-- AddThis Advanced Settings generic via filter on get_the_excerpt --><!-- AddThis Share Buttons generic via filter on get_the_excerpt --><\/p>\n\r\n\t\t\t\t\t\t\t\t\t\t<\/div>\r\n\t\t\t\t\t\t\t\t\t<\/div>\r\n\t\t\t\t\t\t\t\t<\/div>\r\n\t\t\t\t\t\t\t<\/div><div class=\"w-blog-entry\">\r\n\t\t\t\t\t\t\t\t<div class=\"w-blog-entry-h\">\r\n\t\t\t\t\t\t\t\t\t<a class=\"w-blog-entry-link\" href=\"https:\/\/ifis.se\/ver\/eid-alfitr-1444-2023-infaller-fredagen-den-21a-april-2023\/\">\r\n\t\t\t\t\t\t\t\t\t\t<span class=\"w-blog-entry-preview\">\r\n\t\t\t\t\t\t\t\t\t\t\t<img decoding=\"async\" src=\"https:\/\/ifis.se\/ver\/wp-content\/uploads\/2016\/06\/eid_if-600x600.png\" alt=\"Eid Alfitr 1444\/2023 infaller fredagen den 21:a april 2023\">\r\n\t\t\t\t\t\t\t\t\t\t<\/span>\r\n\t\t\t\t\t\t\t\t\t\t<h2 class=\"w-blog-entry-title\"><span>Eid Alfitr 1444\/2023 infaller fredagen den 21:a april 2023<\/span><\/h2>\r\n\t\t\t\t\t\t\t\t\t<\/a>\r\n\t\t\t\t\t\t\t\t\t<div class=\"w-blog-entry-body\">\r\n\t\t\t\t\t\t\t\t\t\t<div class=\"w-blog-meta\">\r\n\t\t\t\t\t\t\t\t\t\t\t<div class=\"w-blog-meta-date\">\r\n\t\t\t\t\t\t\t\t\t\t\t\t<span class=\"w-blog-meta-date-month\">apr<\/span>\r\n\t\t\t\t\t\t\t\t\t\t\t\t<span class=\"w-blog-meta-date-day\">16<\/span>\r\n\t\t\t\t\t\t\t\t\t\t\t\t<span class=\"w-blog-meta-date-year\">2023<\/span>\r\n\t\t\t\t\t\t\t\t\t\t\t<\/div>\r\n\t\t\t\t\t\t\t\t\t\t<\/div>\r\n\t\t\t\t\t\t\t\t\t\t<div class=\"w-blog-entry-short\">\r\n\t\t\t\t\t\t\t\t\t\t\t<p>Eid Alfitr 1444\/2023 infaller fredagen den 21:a april 2023 enligt uttalande fr\u00e5n Europeiska R\u00e5det f\u00f6r Fatwa och Forskning och Sveriges Imamr\u00e5d. Islamiska&hellip;<!-- AddThis Advanced Settings generic via filter on get_the_excerpt --><!-- AddThis Share Buttons generic via filter on get_the_excerpt --><\/p>\n\r\n\t\t\t\t\t\t\t\t\t\t<\/div>\r\n\t\t\t\t\t\t\t\t\t<\/div>\r\n\t\t\t\t\t\t\t\t<\/div>\r\n\t\t\t\t\t\t\t<\/div><div class=\"w-blog-entry\">\r\n\t\t\t\t\t\t\t\t<div class=\"w-blog-entry-h\">\r\n\t\t\t\t\t\t\t\t\t<a class=\"w-blog-entry-link\" href=\"https:\/\/ifis.se\/ver\/pressmeddelande-fran-sveriges-imamrad-angaende-ramadan-2023\/\">\r\n\t\t\t\t\t\t\t\t\t\t<span class=\"w-blog-entry-preview\">\r\n\t\t\t\t\t\t\t\t\t\t\t<img decoding=\"async\" src=\"https:\/\/ifis.se\/ver\/wp-content\/uploads\/2023\/03\/ramadan2023-600x600.jpg\" alt=\"PRESSMEDDELANDE FR\u00c5N SVERIGES IMAMR\u00c5D ANG\u00c5ENDE RAMADAN 2023\">\r\n\t\t\t\t\t\t\t\t\t\t<\/span>\r\n\t\t\t\t\t\t\t\t\t\t<h2 class=\"w-blog-entry-title\"><span>PRESSMEDDELANDE FR\u00c5N SVERIGES IMAMR\u00c5D ANG\u00c5ENDE RAMADAN 2023<\/span><\/h2>\r\n\t\t\t\t\t\t\t\t\t<\/a>\r\n\t\t\t\t\t\t\t\t\t<div class=\"w-blog-entry-body\">\r\n\t\t\t\t\t\t\t\t\t\t<div class=\"w-blog-meta\">\r\n\t\t\t\t\t\t\t\t\t\t\t<div class=\"w-blog-meta-date\">\r\n\t\t\t\t\t\t\t\t\t\t\t\t<span class=\"w-blog-meta-date-month\">mar<\/span>\r\n\t\t\t\t\t\t\t\t\t\t\t\t<span class=\"w-blog-meta-date-day\">01<\/span>\r\n\t\t\t\t\t\t\t\t\t\t\t\t<span class=\"w-blog-meta-date-year\">2023<\/span>\r\n\t\t\t\t\t\t\t\t\t\t\t<\/div>\r\n\t\t\t\t\t\t\t\t\t\t<\/div>\r\n\t\t\t\t\t\t\t\t\t\t<div class=\"w-blog-entry-short\">\r\n\t\t\t\t\t\t\t\t\t\t\t<p>Med anledning av Ramadan &amp; Shawal 1444H\/2023CE Stockholm den 23:e februari 2023 All tacksamhet tillkommer Allah och m\u00e5 fred och v\u00e4lsignelser r\u00e5da&hellip;<!-- AddThis Advanced Settings generic via filter on get_the_excerpt --><!-- AddThis Share Buttons generic via filter on get_the_excerpt --><\/p>\n\r\n\t\t\t\t\t\t\t\t\t\t<\/div>\r\n\t\t\t\t\t\t\t\t\t<\/div>\r\n\t\t\t\t\t\t\t\t<\/div>\r\n\t\t\t\t\t\t\t<\/div><div class=\"w-blog-entry\">\r\n\t\t\t\t\t\t\t\t<div class=\"w-blog-entry-h\">\r\n\t\t\t\t\t\t\t\t\t<a class=\"w-blog-entry-link\" href=\"https:\/\/ifis.se\/ver\/bonetiders-kalla\/\">\r\n\t\t\t\t\t\t\t\t\t\t<span class=\"w-blog-entry-preview\">\r\n\t\t\t\t\t\t\t\t\t\t\t<img decoding=\"async\" src=\"https:\/\/ifis.se\/ver\/wp-content\/uploads\/2016\/05\/minaret.jpg\" alt=\"B\u00f6netiders k\u00e4lla\">\r\n\t\t\t\t\t\t\t\t\t\t<\/span>\r\n\t\t\t\t\t\t\t\t\t\t<h2 class=\"w-blog-entry-title\"><span>B\u00f6netiders k\u00e4lla<\/span><\/h2>\r\n\t\t\t\t\t\t\t\t\t<\/a>\r\n\t\t\t\t\t\t\t\t\t<div class=\"w-blog-entry-body\">\r\n\t\t\t\t\t\t\t\t\t\t<div class=\"w-blog-meta\">\r\n\t\t\t\t\t\t\t\t\t\t\t<div class=\"w-blog-meta-date\">\r\n\t\t\t\t\t\t\t\t\t\t\t\t<span class=\"w-blog-meta-date-month\">jan<\/span>\r\n\t\t\t\t\t\t\t\t\t\t\t\t<span class=\"w-blog-meta-date-day\">10<\/span>\r\n\t\t\t\t\t\t\t\t\t\t\t\t<span class=\"w-blog-meta-date-year\">2023<\/span>\r\n\t\t\t\t\t\t\t\t\t\t\t<\/div>\r\n\t\t\t\t\t\t\t\t\t\t<\/div>\r\n\t\t\t\t\t\t\t\t\t\t<div class=\"w-blog-entry-short\">\r\n\t\t\t\t\t\t\t\t\t\t\t<p>\u0627\u0644\u0628\u064a\u0627\u0646 \u0627\u0644\u062e\u062a\u0627\u0645\u064a \u0644\u0627\u062c\u062a\u0645\u0627\u0639 \u0644\u062c\u0646\u0629 \u0627\u0644\u0645\u062a\u0627\u0628\u0639\u0629 \u00a0\u0644\u0644\u0645\u0624\u062a\u0645\u0631 \u0627\u0644\u0639\u0627\u0644\u0645\u064a \u0644\u0644\u0645\u0648\u0627\u0642\u064a\u062a \u0628\u0633\u0645 \u0627\u0644\u0644\u0647 \u0627\u0644\u0631\u062d\u0645\u0646 \u0627\u0644\u0631\u062d\u064a\u0645 \u0627\u0644\u062d\u0645\u062f \u0644\u0644\u0647 \u0631\u0628 \u0627\u0644\u0639\u0627\u0644\u0645\u064a\u0646\u060c \u0648\u0627\u0644\u0635\u0644\u0627\u0629 \u0648\u0627\u0644\u0633\u0644\u0627\u0645 \u0639\u0644\u0649 \u0623\u0634\u0631\u0641 \u0627\u0644\u0645\u0631\u0633\u0644\u064a\u0646 \u0633\u064a\u062f\u0646\u0627&hellip;<\/p>\n\r\n\t\t\t\t\t\t\t\t\t\t<\/div>\r\n\t\t\t\t\t\t\t\t\t<\/div>\r\n\t\t\t\t\t\t\t\t<\/div>\r\n\t\t\t\t\t\t\t<\/div><div class=\"w-blog-entry\">\r\n\t\t\t\t\t\t\t\t<div class=\"w-blog-entry-h\">\r\n\t\t\t\t\t\t\t\t\t<a class=\"w-blog-entry-link\" href=\"https:\/\/ifis.se\/ver\/eid-alfitr-1443-2022-infaller-mandagen-den-2a-maj-2022\/\">\r\n\t\t\t\t\t\t\t\t\t\t<span class=\"w-blog-entry-preview\">\r\n\t\t\t\t\t\t\t\t\t\t\t<img decoding=\"async\" src=\"https:\/\/ifis.se\/ver\/wp-content\/uploads\/2016\/06\/eid_if-600x600.png\" alt=\"Eid Alfitr 1443\/2022 infaller m\u00e5ndagen den 2:a maj 2022\">\r\n\t\t\t\t\t\t\t\t\t\t<\/span>\r\n\t\t\t\t\t\t\t\t\t\t<h2 class=\"w-blog-entry-title\"><span>Eid Alfitr 1443\/2022 infaller m\u00e5ndagen den 2:a maj 2022<\/span><\/h2>\r\n\t\t\t\t\t\t\t\t\t<\/a>\r\n\t\t\t\t\t\t\t\t\t<div class=\"w-blog-entry-body\">\r\n\t\t\t\t\t\t\t\t\t\t<div class=\"w-blog-meta\">\r\n\t\t\t\t\t\t\t\t\t\t\t<div class=\"w-blog-meta-date\">\r\n\t\t\t\t\t\t\t\t\t\t\t\t<span class=\"w-blog-meta-date-month\">apr<\/span>\r\n\t\t\t\t\t\t\t\t\t\t\t\t<span class=\"w-blog-meta-date-day\">27<\/span>\r\n\t\t\t\t\t\t\t\t\t\t\t\t<span class=\"w-blog-meta-date-year\">2022<\/span>\r\n\t\t\t\t\t\t\t\t\t\t\t<\/div>\r\n\t\t\t\t\t\t\t\t\t\t<\/div>\r\n\t\t\t\t\t\t\t\t\t\t<div class=\"w-blog-entry-short\">\r\n\t\t\t\t\t\t\t\t\t\t\t<p>Eid Alfitr 1443\/2022 infaller m\u00e5ndagen den 2:a maj 2022 enligt uttalande fr\u00e5n Europeiska R\u00e5det f\u00f6r Fatwa och Forskning och Sveriges Imamr\u00e5d. Islamiska&hellip;<!-- AddThis Advanced Settings generic via filter on get_the_excerpt --><!-- AddThis Share Buttons generic via filter on get_the_excerpt --><\/p>\n\r\n\t\t\t\t\t\t\t\t\t\t<\/div>\r\n\t\t\t\t\t\t\t\t\t<\/div>\r\n\t\t\t\t\t\t\t\t<\/div>\r\n\t\t\t\t\t\t\t<\/div><div class=\"w-blog-entry\">\r\n\t\t\t\t\t\t\t\t<div class=\"w-blog-entry-h\">\r\n\t\t\t\t\t\t\t\t\t<a class=\"w-blog-entry-link\" href=\"https:\/\/ifis.se\/ver\/__trashed\/\">\r\n\t\t\t\t\t\t\t\t\t\t<span class=\"w-blog-entry-preview\">\r\n\t\t\t\t\t\t\t\t\t\t\t<img decoding=\"async\" src=\"https:\/\/ifis.se\/ver\/wp-content\/uploads\/2022\/03\/ramadan400x225.png\" alt=\"Pressmeddelande fr\u00e5n Sveriges Imamr\u00e5d ang\u00e5ende Ramadan 2022\">\r\n\t\t\t\t\t\t\t\t\t\t<\/span>\r\n\t\t\t\t\t\t\t\t\t\t<h2 class=\"w-blog-entry-title\"><span>Pressmeddelande fr\u00e5n Sveriges Imamr\u00e5d ang\u00e5ende Ramadan 2022<\/span><\/h2>\r\n\t\t\t\t\t\t\t\t\t<\/a>\r\n\t\t\t\t\t\t\t\t\t<div class=\"w-blog-entry-body\">\r\n\t\t\t\t\t\t\t\t\t\t<div class=\"w-blog-meta\">\r\n\t\t\t\t\t\t\t\t\t\t\t<div class=\"w-blog-meta-date\">\r\n\t\t\t\t\t\t\t\t\t\t\t\t<span class=\"w-blog-meta-date-month\">mar<\/span>\r\n\t\t\t\t\t\t\t\t\t\t\t\t<span class=\"w-blog-meta-date-day\">25<\/span>\r\n\t\t\t\t\t\t\t\t\t\t\t\t<span class=\"w-blog-meta-date-year\">2022<\/span>\r\n\t\t\t\t\t\t\t\t\t\t\t<\/div>\r\n\t\t\t\t\t\t\t\t\t\t<\/div>\r\n\t\t\t\t\t\t\t\t\t\t<div class=\"w-blog-entry-short\">\r\n\t\t\t\t\t\t\t\t\t\t\t<p><!-- AddThis Advanced Settings generic via filter on get_the_excerpt --><!-- AddThis Share Buttons generic via filter on get_the_excerpt --><\/p>\n\r\n\t\t\t\t\t\t\t\t\t\t<\/div>\r\n\t\t\t\t\t\t\t\t\t<\/div>\r\n\t\t\t\t\t\t\t\t<\/div>\r\n\t\t\t\t\t\t\t<\/div><div class=\"w-blog-entry\">\r\n\t\t\t\t\t\t\t\t<div class=\"w-blog-entry-h\">\r\n\t\t\t\t\t\t\t\t\t<a class=\"w-blog-entry-link\" href=\"https:\/\/ifis.se\/ver\/pressmeddelande-fran-fifs-angaende-attackerna-mot-al-aqsa-mosken\/\">\r\n\t\t\t\t\t\t\t\t\t\t<span class=\"w-blog-entry-preview\">\r\n\t\t\t\t\t\t\t\t\t\t\t<img decoding=\"async\" src=\"https:\/\/ifis.se\/ver\/wp-content\/uploads\/2021\/05\/Al-Aqsa_Mosque-600x600.jpg\" alt=\"Pressmeddelande fr\u00e5n FIFS: Ang\u00e5ende attackerna mot Al-Aqsa mosk\u00e9n\">\r\n\t\t\t\t\t\t\t\t\t\t<\/span>\r\n\t\t\t\t\t\t\t\t\t\t<h2 class=\"w-blog-entry-title\"><span>Pressmeddelande fr\u00e5n FIFS: Ang\u00e5ende attackerna mot Al-Aqsa mosk\u00e9n<\/span><\/h2>\r\n\t\t\t\t\t\t\t\t\t<\/a>\r\n\t\t\t\t\t\t\t\t\t<div class=\"w-blog-entry-body\">\r\n\t\t\t\t\t\t\t\t\t\t<div class=\"w-blog-meta\">\r\n\t\t\t\t\t\t\t\t\t\t\t<div class=\"w-blog-meta-date\">\r\n\t\t\t\t\t\t\t\t\t\t\t\t<span class=\"w-blog-meta-date-month\">maj<\/span>\r\n\t\t\t\t\t\t\t\t\t\t\t\t<span class=\"w-blog-meta-date-day\">12<\/span>\r\n\t\t\t\t\t\t\t\t\t\t\t\t<span class=\"w-blog-meta-date-year\">2021<\/span>\r\n\t\t\t\t\t\t\t\t\t\t\t<\/div>\r\n\t\t\t\t\t\t\t\t\t\t<\/div>\r\n\t\t\t\t\t\t\t\t\t\t<div class=\"w-blog-entry-short\">\r\n\t\t\t\t\t\t\t\t\t\t\t<p>I Guds den n\u00e5derikes den barmh\u00e4rtiges namn \u201dSTOR \u00e4r [Gud] i Sin h\u00e4rlighet, Han som under natten f\u00f6rde Sin tj\u00e4nare fr\u00e5n den&hellip;<!-- AddThis Advanced Settings generic via filter on get_the_excerpt --><!-- AddThis Share Buttons generic via filter on get_the_excerpt --><\/p>\n\r\n\t\t\t\t\t\t\t\t\t\t<\/div>\r\n\t\t\t\t\t\t\t\t\t<\/div>\r\n\t\t\t\t\t\t\t\t<\/div>\r\n\t\t\t\t\t\t\t<\/div><div class=\"w-blog-entry\">\r\n\t\t\t\t\t\t\t\t<div class=\"w-blog-entry-h\">\r\n\t\t\t\t\t\t\t\t\t<a class=\"w-blog-entry-link\" href=\"https:\/\/ifis.se\/ver\/eid-alfitr-1442-hijri-2021-infaller-torsdagen-den-13e-maj-2021\/\">\r\n\t\t\t\t\t\t\t\t\t\t<span class=\"w-blog-entry-preview\">\r\n\t\t\t\t\t\t\t\t\t\t\t<img decoding=\"async\" src=\"https:\/\/ifis.se\/ver\/wp-content\/uploads\/2016\/06\/eid_if-600x600.png\" alt=\"Eid Alfitr 1442 hijri\/2021 infaller torsdagen den 13:e maj 2021\">\r\n\t\t\t\t\t\t\t\t\t\t<\/span>\r\n\t\t\t\t\t\t\t\t\t\t<h2 class=\"w-blog-entry-title\"><span>Eid Alfitr 1442 hijri\/2021 infaller torsdagen den 13:e maj 2021<\/span><\/h2>\r\n\t\t\t\t\t\t\t\t\t<\/a>\r\n\t\t\t\t\t\t\t\t\t<div class=\"w-blog-entry-body\">\r\n\t\t\t\t\t\t\t\t\t\t<div class=\"w-blog-meta\">\r\n\t\t\t\t\t\t\t\t\t\t\t<div class=\"w-blog-meta-date\">\r\n\t\t\t\t\t\t\t\t\t\t\t\t<span class=\"w-blog-meta-date-month\">maj<\/span>\r\n\t\t\t\t\t\t\t\t\t\t\t\t<span class=\"w-blog-meta-date-day\">05<\/span>\r\n\t\t\t\t\t\t\t\t\t\t\t\t<span class=\"w-blog-meta-date-year\">2021<\/span>\r\n\t\t\t\t\t\t\t\t\t\t\t<\/div>\r\n\t\t\t\t\t\t\t\t\t\t<\/div>\r\n\t\t\t\t\t\t\t\t\t\t<div class=\"w-blog-entry-short\">\r\n\t\t\t\t\t\t\t\t\t\t\t<p>Eid Alfitr 1442 hijri\/2021 infaller torsdagen den 13:e maj 2021 enligt uttalande fr\u00e5n Europeiska R\u00e5det f\u00f6r Fatwa och Forskning och Sveriges Imamr\u00e5d.&hellip;<!-- AddThis Advanced Settings generic via filter on get_the_excerpt --><!-- AddThis Share Buttons generic via filter on get_the_excerpt --><\/p>\n\r\n\t\t\t\t\t\t\t\t\t\t<\/div>\r\n\t\t\t\t\t\t\t\t\t<\/div>\r\n\t\t\t\t\t\t\t\t<\/div>\r\n\t\t\t\t\t\t\t<\/div><div class=\"w-blog-entry\">\r\n\t\t\t\t\t\t\t\t<div class=\"w-blog-entry-h\">\r\n\t\t\t\t\t\t\t\t\t<a class=\"w-blog-entry-link\" href=\"https:\/\/ifis.se\/ver\/ar-det-fel-pa-bonetiderna-for-ramadan\/\">\r\n\t\t\t\t\t\t\t\t\t\t<span class=\"w-blog-entry-preview\">\r\n\t\t\t\t\t\t\t\t\t\t\t<img decoding=\"async\" src=\"https:\/\/ifis.se\/ver\/wp-content\/uploads\/2021\/04\/Ar-det-fel-pa-bonetiderna-for-Ramadan-600x600.jpg\" alt=\"\u00c4r det fel p\u00e5 b\u00f6netiderna f\u00f6r Ramadan?\">\r\n\t\t\t\t\t\t\t\t\t\t<\/span>\r\n\t\t\t\t\t\t\t\t\t\t<h2 class=\"w-blog-entry-title\"><span>\u00c4r det fel p\u00e5 b\u00f6netiderna f\u00f6r Ramadan?<\/span><\/h2>\r\n\t\t\t\t\t\t\t\t\t<\/a>\r\n\t\t\t\t\t\t\t\t\t<div class=\"w-blog-entry-body\">\r\n\t\t\t\t\t\t\t\t\t\t<div class=\"w-blog-meta\">\r\n\t\t\t\t\t\t\t\t\t\t\t<div class=\"w-blog-meta-date\">\r\n\t\t\t\t\t\t\t\t\t\t\t\t<span class=\"w-blog-meta-date-month\">apr<\/span>\r\n\t\t\t\t\t\t\t\t\t\t\t\t<span class=\"w-blog-meta-date-day\">07<\/span>\r\n\t\t\t\t\t\t\t\t\t\t\t\t<span class=\"w-blog-meta-date-year\">2021<\/span>\r\n\t\t\t\t\t\t\t\t\t\t\t<\/div>\r\n\t\t\t\t\t\t\t\t\t\t<\/div>\r\n\t\t\t\t\t\t\t\t\t\t<div class=\"w-blog-entry-short\">\r\n\t\t\t\t\t\t\t\t\t\t\t<p><!-- AddThis Advanced Settings generic via filter on get_the_excerpt --><!-- AddThis Share Buttons generic via filter on get_the_excerpt --><\/p>\n\r\n\t\t\t\t\t\t\t\t\t\t<\/div>\r\n\t\t\t\t\t\t\t\t\t<\/div>\r\n\t\t\t\t\t\t\t\t<\/div>\r\n\t\t\t\t\t\t\t<\/div><div class=\"w-blog-entry\">\r\n\t\t\t\t\t\t\t\t<div class=\"w-blog-entry-h\">\r\n\t\t\t\t\t\t\t\t\t<a class=\"w-blog-entry-link\" href=\"https:\/\/ifis.se\/ver\/ramadan-inleds-den-13e-april-2021\/\">\r\n\t\t\t\t\t\t\t\t\t\t<span class=\"w-blog-entry-preview\">\r\n\t\t\t\t\t\t\t\t\t\t\t<img decoding=\"async\" src=\"https:\/\/ifis.se\/ver\/wp-content\/uploads\/2015\/06\/R1-600x600.jpg\" alt=\"Ramadan inleds den 13:e april 2021\">\r\n\t\t\t\t\t\t\t\t\t\t<\/span>\r\n\t\t\t\t\t\t\t\t\t\t<h2 class=\"w-blog-entry-title\"><span>Ramadan inleds den 13:e april 2021<\/span><\/h2>\r\n\t\t\t\t\t\t\t\t\t<\/a>\r\n\t\t\t\t\t\t\t\t\t<div class=\"w-blog-entry-body\">\r\n\t\t\t\t\t\t\t\t\t\t<div class=\"w-blog-meta\">\r\n\t\t\t\t\t\t\t\t\t\t\t<div class=\"w-blog-meta-date\">\r\n\t\t\t\t\t\t\t\t\t\t\t\t<span class=\"w-blog-meta-date-month\">mar<\/span>\r\n\t\t\t\t\t\t\t\t\t\t\t\t<span class=\"w-blog-meta-date-day\">29<\/span>\r\n\t\t\t\t\t\t\t\t\t\t\t\t<span class=\"w-blog-meta-date-year\">2021<\/span>\r\n\t\t\t\t\t\t\t\t\t\t\t<\/div>\r\n\t\t\t\t\t\t\t\t\t\t<\/div>\r\n\t\t\t\t\t\t\t\t\t\t<div class=\"w-blog-entry-short\">\r\n\t\t\t\t\t\t\t\t\t\t\t<p>Ramadan 1442 hijri\/2021 inleds tisdagen den 13:e april 2021 enligt uttalande fr\u00e5n Europeiska R\u00e5det f\u00f6r Fatwa och Forskning. Islamiska F\u00f6rbundet i Sverige&hellip;<!-- AddThis Advanced Settings generic via filter on get_the_excerpt --><!-- AddThis Share Buttons generic via filter on get_the_excerpt --><\/p>\n\r\n\t\t\t\t\t\t\t\t\t\t<\/div>\r\n\t\t\t\t\t\t\t\t\t<\/div>\r\n\t\t\t\t\t\t\t\t<\/div>\r\n\t\t\t\t\t\t\t<\/div><\/div>\r\n\t\t\t\t\t<\/div><script type=\"text\/javascript\">\r\nvar page = 1,\r\n\tmax_page = 30\r\njQuery(document).ready(function(){\r\n\tjQuery(\"#blog_load_more\").click(function(){\r\n\t\tjQuery(\".w-loadmore\").addClass(\"loading\");\r\n\t\tjQuery.ajax({\r\n\t\t\ttype: \"POST\",\r\n\t\t\turl: \"https:\/\/ifis.se\/ver\/wp-admin\/admin-ajax.php\",\r\n\t\t\tdata: {\r\n\t\t\t\taction: \"blogPagination\",\r\n\t\t\t\tpage: page+1,\r\n\t\t\t\tper_page: 10,\r\n\t\t\t\tcategory: \"\"\r\n\t\t\t},\r\n\t\t\tsuccess: function(data, textStatus, XMLHttpRequest){\r\n\t\t\t\tpage++;\r\n\r\n\t\t\t\tvar newItems = jQuery(\"<div>\", {html:data}),\r\n\t\t\t\t\tblogList = jQuery(\".w-blog-list\");\r\n\r\n\t\t\t\tnewItems.imagesLoaded(function() {\r\n\t\t\t\t\tnewItems.children().each(function(childIndex,child){\r\n\t\t\t\t\t\tblogList.append(jQuery(child));\r\n\r\n\t\t\t\t\t});\r\n\t\t\t\t});\r\n\r\n\t\t\t\tjQuery(\".w-loadmore\").removeClass(\"loading\");\r\n\r\n\t\t\t\tif (max_page <= page) {\r\n\t\t\t\t\tjQuery(\".w-loadmore\").addClass(\"done\");\r\n\t\t\t\t}\r\n\r\n\t\t\t\tjQuery(window).resize();\r\n\t\t\t},\r\n\t\t\terror: function(MLHttpRequest, textStatus, errorThrown){\r\n\t\t\t\tjQuery(\".w-loadmore\").removeClass(\"loading\");\r\n\t\t\t}\r\n\t\t});\r\n\t});\r\n});\r\n<\/script>\r\n<div class=\"w-loadmore\">\r\n\t<a href=\"javascript:void(0);\" id=\"blog_load_more\" class=\"g-btn color_default size_small\"><span>Load More Posts<\/span><\/a>\r\n\t<i class=\"fa fa-refresh fa-spin\"><\/i>\r\n<\/div>\n<\/div><\/div>","protected":false},"excerpt":{"rendered":"<p><!-- AddThis Advanced Settings generic via filter on get_the_excerpt --><!-- AddThis Share Buttons generic via filter on get_the_excerpt --><\/p>\n","protected":false},"author":1,"featured_media":0,"parent":0,"menu_order":0,"comment_status":"open","ping_status":"open","template":"page-sidebar_right.php","meta":{"footnotes":""},"class_list":["post-2029","page","type-page","status-publish","hentry"],"_links":{"self":[{"href":"https:\/\/ifis.se\/ver\/wp-json\/wp\/v2\/pages\/2029","targetHints":{"allow":["GET"]}}],"collection":[{"href":"https:\/\/ifis.se\/ver\/wp-json\/wp\/v2\/pages"}],"about":[{"href":"https:\/\/ifis.se\/ver\/wp-json\/wp\/v2\/types\/page"}],"author":[{"embeddable":true,"href":"https:\/\/ifis.se\/ver\/wp-json\/wp\/v2\/users\/1"}],"replies":[{"embeddable":true,"href":"https:\/\/ifis.se\/ver\/wp-json\/wp\/v2\/comments?post=2029"}],"version-history":[{"count":7,"href":"https:\/\/ifis.se\/ver\/wp-json\/wp\/v2\/pages\/2029\/revisions"}],"predecessor-version":[{"id":2794,"href":"https:\/\/ifis.se\/ver\/wp-json\/wp\/v2\/pages\/2029\/revisions\/2794"}],"wp:attachment":[{"href":"https:\/\/ifis.se\/ver\/wp-json\/wp\/v2\/media?parent=2029"}],"curies":[{"name":"wp","href":"https:\/\/api.w.org\/{rel}","templated":true}]}}