{"id":1884,"date":"2015-02-23T22:04:03","date_gmt":"2015-02-23T22:04:03","guid":{"rendered":"http:\/\/www.maxioglasi.com\/?page_id=1884"},"modified":"2020-01-03T14:17:03","modified_gmt":"2020-01-03T13:17:03","slug":"stiftelsen","status":"publish","type":"page","link":"https:\/\/ifis.se\/ver\/stiftelsen\/","title":{"rendered":"Stiftelsen"},"content":{"rendered":"<div class=\"l-subsection\"><div class=\"l-subsection-h g-html i-cf\"><h4>Islamiska F\u00f6rbundets Stiftelse<\/h4>\n<p>Stiftelsens \u00e4ndam\u00e5l \u00e4r att st\u00f6dja den verksamhet som bedrivs inom Islamiska F\u00f6rbundet i Sverige, dess distrikt, lokala f\u00f6reningar och dess medlemsorganisationer f\u00f6retr\u00e4desvis.<\/p>\n<p>Verksamheten utg\u00e5r&nbsp;ifr\u00e5n en islamisk v\u00e4rdegrund och genomf\u00f6rs inom n\u00e5got av f\u00f6ljande omr\u00e5den:<\/p>\n<ul>\n<li>Barn och ungdomsverksamhet.<\/li>\n<li>Undervisning och utbildning.<\/li>\n<li>Hj\u00e4lp- och bist\u00e5ndsverksamhet.<\/li>\n<li>Vetenskaplig forskning.<\/li>\n<li>Bygge, renoveringar och underh\u00e5ll av mosk\u00e9lokaler.<\/li>\n<li>Sociala aktiviteter.<\/li>\n<\/ul>\n<p>Stiftelsen kan \u00e4ven om s\u00e4rskilda sk\u00e4l f\u00f6religger och d\u00e4r verksamheten \u00e4r av intresse, st\u00f6dja verksamhet som bedrivs av andra akt\u00f6rer och som uppfyller kraven ovan.<\/p>\n<h6>Kontakta stiftelsens ordf\u00f6rande:<\/h6>\n<span class=\"highlight\"> <strong>Mostafa Kharraki<\/strong> <\/span>\n<p><strong>Tel.:<\/strong> +46 (0) 8 509 109 10<br \/>\n<strong>Mobil:<\/strong>&nbsp;+46 (0)&nbsp;707 874 265<br \/>\n<strong>E-post:<\/strong> mostafa.kharraki@ifsfoundation.se<\/p>\n<div class=\"g-hr\">\r\n\t\t\t\t\t\t<span class=\"g-hr-h\">\r\n\t\t\t\t\t\t\t<i class=\"fa fa-star\"><\/i>\r\n\t\t\t\t\t\t<\/span>\r\n\t\t\t\t\t<\/div>\n<h4>Foundation of&nbsp;Islamic Association<\/h4>\n<p>The Foundation&#8217;s purpose is to support the activities of the Islamic Association in Sweden, its districts, local associations and its member organizations, preferably.<\/p>\n<p>The work&nbsp;is&nbsp;based on Islamic values and implemented in the following areas:<\/p>\n<ul>\n<li>Children and youth activities.<\/li>\n<li>Education and training.<\/li>\n<li>Help and assistance activities.<\/li>\n<li>Scientific research.<\/li>\n<li>Construction, renovation and maintenance of mosques.<\/li>\n<li>Social activities.<\/li>\n<\/ul>\n<p>The Foundation can, if special circumstances exist and where works is&nbsp;of interest, support activities of other players and if they fulfill the requirements above.<\/p>\n<h6>Contact the chairman of the foundation:<\/h6>\n<span class=\"highlight\"> <strong>Mr. Mostafa Kharraki<\/strong> <\/span>\n<p><strong>Phone:<\/strong> +46 (0) 8 509 109 10<br \/>\n<strong>Mobile:<\/strong>&nbsp;+46 (0)&nbsp;707 874 265<br \/>\n<strong>E-mail:<\/strong> mostafa.kharraki@ifsfoundation.se<\/p>\n<\/div><\/div>","protected":false},"excerpt":{"rendered":"<p>Islamiska F\u00f6rbundets Stiftelse Stiftelsens \u00e4ndam\u00e5l \u00e4r att st\u00f6dja den verksamhet som bedrivs inom Islamiska F\u00f6rbundet i Sverige, dess distrikt, lokala f\u00f6reningar och&hellip;<\/p>\n","protected":false},"author":1,"featured_media":0,"parent":0,"menu_order":0,"comment_status":"open","ping_status":"open","template":"page-sidebar_right.php","meta":{"footnotes":""},"class_list":["post-1884","page","type-page","status-publish","hentry"],"_links":{"self":[{"href":"https:\/\/ifis.se\/ver\/wp-json\/wp\/v2\/pages\/1884","targetHints":{"allow":["GET"]}}],"collection":[{"href":"https:\/\/ifis.se\/ver\/wp-json\/wp\/v2\/pages"}],"about":[{"href":"https:\/\/ifis.se\/ver\/wp-json\/wp\/v2\/types\/page"}],"author":[{"embeddable":true,"href":"https:\/\/ifis.se\/ver\/wp-json\/wp\/v2\/users\/1"}],"replies":[{"embeddable":true,"href":"https:\/\/ifis.se\/ver\/wp-json\/wp\/v2\/comments?post=1884"}],"version-history":[{"count":5,"href":"https:\/\/ifis.se\/ver\/wp-json\/wp\/v2\/pages\/1884\/revisions"}],"predecessor-version":[{"id":3463,"href":"https:\/\/ifis.se\/ver\/wp-json\/wp\/v2\/pages\/1884\/revisions\/3463"}],"wp:attachment":[{"href":"https:\/\/ifis.se\/ver\/wp-json\/wp\/v2\/media?parent=1884"}],"curies":[{"name":"wp","href":"https:\/\/api.w.org\/{rel}","templated":true}]}}